{"id":1519,"date":"2022-07-08T18:57:09","date_gmt":"2022-07-08T16:57:09","guid":{"rendered":"https:\/\/nightsglowdark.com\/?post_type=product&#038;p=1519"},"modified":"2025-12-04T05:47:59","modified_gmt":"2025-12-04T04:47:59","slug":"4-artworks-in-one-2","status":"publish","type":"product","link":"https:\/\/nightsglowdark.com\/en\/produkt\/4-artworks-in-one-2\/","title":{"rendered":"Edition Impact 2.0 &#8211; Unikat"},"content":{"rendered":"<p class=\"qtranxs-available-languages-message qtranxs-available-languages-message-en\">Sorry, this entry is only available in <a href=\"https:\/\/nightsglowdark.com\/de\/wp-json\/wp\/v2\/product\/1519\" class=\"qtranxs-available-language-link qtranxs-available-language-link-de\" title=\"DE\">DE<\/a>.<\/p>","protected":false},"excerpt":{"rendered":"<p>Sorry, this entry is only available in DE.<\/p>\n","protected":false},"featured_media":718,"comment_status":"open","ping_status":"closed","template":"","meta":[],"product_cat":[42,41],"product_tag":[],"class_list":["post-1519","product","type-product","status-publish","has-post-thumbnail","hentry","product_cat-steelframe","product_cat-leuchtrahmen"],"yoast_head":"<!-- This site is optimized with the Yoast SEO plugin v19.4 - https:\/\/yoast.com\/wordpress\/plugins\/seo\/ -->\n<title>Edition Impact 2.0 - Unikat - Nights Glow Dark<\/title>\n<meta name=\"description\" content=\"Setze ein Zeichen gegen \u00fcberfischte und verschmutze Weltmeere. Die Edition Impact erz\u00e4hlt eine Geschichte \u00fcber die Bergung von Geisternetzen.\" \/>\n<meta name=\"robots\" content=\"index, follow, max-snippet:-1, max-image-preview:large, max-video-preview:-1\" \/>\n<link rel=\"canonical\" href=\"https:\/\/nightsglowdark.com\/en\/produkt\/4-artworks-in-one-2\/\" \/>\n<meta property=\"og:locale\" content=\"en_US\" \/>\n<meta property=\"og:type\" content=\"article\" \/>\n<meta property=\"og:title\" content=\"Edition Impact 2.0 - Unikat - Nights Glow Dark\" \/>\n<meta property=\"og:description\" content=\"Setze ein Zeichen gegen \u00fcberfischte und verschmutze Weltmeere. Die Edition Impact erz\u00e4hlt eine Geschichte \u00fcber die Bergung von Geisternetzen.\" \/>\n<meta property=\"og:url\" content=\"https:\/\/nightsglowdark.com\/en\/produkt\/4-artworks-in-one-2\/\" \/>\n<meta property=\"og:site_name\" content=\"Nights Glow Dark\" \/>\n<meta property=\"article:modified_time\" content=\"2025-12-04T04:47:59+00:00\" \/>\n<meta property=\"og:image\" content=\"https:\/\/nightsglowdark.com\/wp-content\/uploads\/2022\/05\/ImpactFrame.jpg\" \/>\n\t<meta property=\"og:image:width\" content=\"2000\" \/>\n\t<meta property=\"og:image:height\" content=\"1333\" \/>\n\t<meta property=\"og:image:type\" content=\"image\/jpeg\" \/>\n<meta name=\"twitter:card\" content=\"summary_large_image\" \/>\n<script type=\"application\/ld+json\" class=\"yoast-schema-graph\">{\"@context\":\"https:\/\/schema.org\",\"@graph\":[{\"@type\":\"Organization\",\"@id\":\"https:\/\/nightsglowdark.com\/en\/#organization\",\"name\":\"Nights Glow Dark\",\"url\":\"https:\/\/nightsglowdark.com\/en\/\",\"sameAs\":[],\"logo\":{\"@type\":\"ImageObject\",\"inLanguage\":\"en-US\",\"@id\":\"https:\/\/nightsglowdark.com\/en\/#\/schema\/logo\/image\/\",\"url\":\"https:\/\/i0.wp.com\/nightsglowdark.com\/wp-content\/uploads\/2022\/04\/cropped-NGD_Wortbildmarke_Positiv_Einzeilig.png?fit=1708%2C170&ssl=1\",\"contentUrl\":\"https:\/\/i0.wp.com\/nightsglowdark.com\/wp-content\/uploads\/2022\/04\/cropped-NGD_Wortbildmarke_Positiv_Einzeilig.png?fit=1708%2C170&ssl=1\",\"width\":1708,\"height\":170,\"caption\":\"Nights Glow Dark\"},\"image\":{\"@id\":\"https:\/\/nightsglowdark.com\/en\/#\/schema\/logo\/image\/\"}},{\"@type\":\"WebSite\",\"@id\":\"https:\/\/nightsglowdark.com\/en\/#website\",\"url\":\"https:\/\/nightsglowdark.com\/en\/\",\"name\":\"Nights Glow Dark\",\"description\":\"Handcrafted Lightboxes with a history\",\"publisher\":{\"@id\":\"https:\/\/nightsglowdark.com\/en\/#organization\"},\"potentialAction\":[{\"@type\":\"SearchAction\",\"target\":{\"@type\":\"EntryPoint\",\"urlTemplate\":\"https:\/\/nightsglowdark.com\/en\/?s={search_term_string}\"},\"query-input\":\"required name=search_term_string\"}],\"inLanguage\":\"en-US\"},{\"@type\":\"WebPage\",\"@id\":\"https:\/\/nightsglowdark.com\/en\/produkt\/4-artworks-in-one-2\/\",\"url\":\"https:\/\/nightsglowdark.com\/en\/produkt\/4-artworks-in-one-2\/\",\"name\":\"Edition Impact 2.0 - Unikat - Nights Glow Dark\",\"isPartOf\":{\"@id\":\"https:\/\/nightsglowdark.com\/en\/#website\"},\"datePublished\":\"2022-07-08T16:57:09+00:00\",\"dateModified\":\"2025-12-04T04:47:59+00:00\",\"description\":\"Setze ein Zeichen gegen \u00fcberfischte und verschmutze Weltmeere. Die Edition Impact erz\u00e4hlt eine Geschichte \u00fcber die Bergung von Geisternetzen.\",\"breadcrumb\":{\"@id\":\"https:\/\/nightsglowdark.com\/en\/produkt\/4-artworks-in-one-2\/#breadcrumb\"},\"inLanguage\":\"en-US\",\"potentialAction\":[{\"@type\":\"ReadAction\",\"target\":[[\"https:\/\/nightsglowdark.com\/en\/produkt\/4-artworks-in-one-2\/\"]]}]},{\"@type\":\"BreadcrumbList\",\"@id\":\"https:\/\/nightsglowdark.com\/en\/produkt\/4-artworks-in-one-2\/#breadcrumb\",\"itemListElement\":[{\"@type\":\"ListItem\",\"position\":1,\"name\":\"Startseite\",\"item\":\"https:\/\/nightsglowdark.com\/en\/\"},{\"@type\":\"ListItem\",\"position\":2,\"name\":\"Shop\",\"item\":\"https:\/\/nightsglowdark.com\/en\/shop\/\"},{\"@type\":\"ListItem\",\"position\":3,\"name\":\"Edition Impact 2.0 &#8211; Unikat\"}]}]}<\/script>\n<!-- \/ Yoast SEO plugin. -->","yoast_head_json":{"title":"Edition Impact 2.0 - Unikat - Nights Glow Dark","description":"Setze ein Zeichen gegen \u00fcberfischte und verschmutze Weltmeere. Die Edition Impact erz\u00e4hlt eine Geschichte \u00fcber die Bergung von Geisternetzen.","robots":{"index":"index","follow":"follow","max-snippet":"max-snippet:-1","max-image-preview":"max-image-preview:large","max-video-preview":"max-video-preview:-1"},"canonical":"https:\/\/nightsglowdark.com\/en\/produkt\/4-artworks-in-one-2\/","og_locale":"en_US","og_type":"article","og_title":"Edition Impact 2.0 - Unikat - Nights Glow Dark","og_description":"Setze ein Zeichen gegen \u00fcberfischte und verschmutze Weltmeere. Die Edition Impact erz\u00e4hlt eine Geschichte \u00fcber die Bergung von Geisternetzen.","og_url":"https:\/\/nightsglowdark.com\/en\/produkt\/4-artworks-in-one-2\/","og_site_name":"Nights Glow Dark","article_modified_time":"2025-12-04T04:47:59+00:00","og_image":[{"width":2000,"height":1333,"url":"https:\/\/nightsglowdark.com\/wp-content\/uploads\/2022\/05\/ImpactFrame.jpg","type":"image\/jpeg"}],"twitter_card":"summary_large_image","schema":{"@context":"https:\/\/schema.org","@graph":[{"@type":"Organization","@id":"https:\/\/nightsglowdark.com\/en\/#organization","name":"Nights Glow Dark","url":"https:\/\/nightsglowdark.com\/en\/","sameAs":[],"logo":{"@type":"ImageObject","inLanguage":"en-US","@id":"https:\/\/nightsglowdark.com\/en\/#\/schema\/logo\/image\/","url":"https:\/\/i0.wp.com\/nightsglowdark.com\/wp-content\/uploads\/2022\/04\/cropped-NGD_Wortbildmarke_Positiv_Einzeilig.png?fit=1708%2C170&ssl=1","contentUrl":"https:\/\/i0.wp.com\/nightsglowdark.com\/wp-content\/uploads\/2022\/04\/cropped-NGD_Wortbildmarke_Positiv_Einzeilig.png?fit=1708%2C170&ssl=1","width":1708,"height":170,"caption":"Nights Glow Dark"},"image":{"@id":"https:\/\/nightsglowdark.com\/en\/#\/schema\/logo\/image\/"}},{"@type":"WebSite","@id":"https:\/\/nightsglowdark.com\/en\/#website","url":"https:\/\/nightsglowdark.com\/en\/","name":"Nights Glow Dark","description":"Handcrafted Lightboxes with a history","publisher":{"@id":"https:\/\/nightsglowdark.com\/en\/#organization"},"potentialAction":[{"@type":"SearchAction","target":{"@type":"EntryPoint","urlTemplate":"https:\/\/nightsglowdark.com\/en\/?s={search_term_string}"},"query-input":"required name=search_term_string"}],"inLanguage":"en-US"},{"@type":"WebPage","@id":"https:\/\/nightsglowdark.com\/en\/produkt\/4-artworks-in-one-2\/","url":"https:\/\/nightsglowdark.com\/en\/produkt\/4-artworks-in-one-2\/","name":"Edition Impact 2.0 - Unikat - Nights Glow Dark","isPartOf":{"@id":"https:\/\/nightsglowdark.com\/en\/#website"},"datePublished":"2022-07-08T16:57:09+00:00","dateModified":"2025-12-04T04:47:59+00:00","description":"Setze ein Zeichen gegen \u00fcberfischte und verschmutze Weltmeere. Die Edition Impact erz\u00e4hlt eine Geschichte \u00fcber die Bergung von Geisternetzen.","breadcrumb":{"@id":"https:\/\/nightsglowdark.com\/en\/produkt\/4-artworks-in-one-2\/#breadcrumb"},"inLanguage":"en-US","potentialAction":[{"@type":"ReadAction","target":[["https:\/\/nightsglowdark.com\/en\/produkt\/4-artworks-in-one-2\/"]]}]},{"@type":"BreadcrumbList","@id":"https:\/\/nightsglowdark.com\/en\/produkt\/4-artworks-in-one-2\/#breadcrumb","itemListElement":[{"@type":"ListItem","position":1,"name":"Startseite","item":"https:\/\/nightsglowdark.com\/en\/"},{"@type":"ListItem","position":2,"name":"Shop","item":"https:\/\/nightsglowdark.com\/en\/shop\/"},{"@type":"ListItem","position":3,"name":"Edition Impact 2.0 &#8211; Unikat"}]}]}},"_links":{"self":[{"href":"https:\/\/nightsglowdark.com\/en\/wp-json\/wp\/v2\/product\/1519","targetHints":{"allow":["GET"]}}],"collection":[{"href":"https:\/\/nightsglowdark.com\/en\/wp-json\/wp\/v2\/product"}],"about":[{"href":"https:\/\/nightsglowdark.com\/en\/wp-json\/wp\/v2\/types\/product"}],"replies":[{"embeddable":true,"href":"https:\/\/nightsglowdark.com\/en\/wp-json\/wp\/v2\/comments?post=1519"}],"wp:featuredmedia":[{"embeddable":true,"href":"https:\/\/nightsglowdark.com\/en\/wp-json\/wp\/v2\/media\/718"}],"wp:attachment":[{"href":"https:\/\/nightsglowdark.com\/en\/wp-json\/wp\/v2\/media?parent=1519"}],"wp:term":[{"taxonomy":"product_cat","embeddable":true,"href":"https:\/\/nightsglowdark.com\/en\/wp-json\/wp\/v2\/product_cat?post=1519"},{"taxonomy":"product_tag","embeddable":true,"href":"https:\/\/nightsglowdark.com\/en\/wp-json\/wp\/v2\/product_tag?post=1519"}],"curies":[{"name":"wp","href":"https:\/\/api.w.org\/{rel}","templated":true}]}}